{"id":6386,"date":"2024-06-30T15:34:54","date_gmt":"2024-06-30T13:34:54","guid":{"rendered":"https:\/\/www.eurosets.com\/?post_type=product&#038;p=6386"},"modified":"2026-02-09T15:48:20","modified_gmt":"2026-02-09T14:48:20","slug":"pediatric-cannulae","status":"publish","type":"product","link":"https:\/\/www.eurosets.com\/it\/product\/pediatric-cannulae\/","title":{"rendered":"Cannule pediatriche"},"content":{"rendered":"<div class=\"wp-block-columns are-vertically-aligned-center is-layout-flex wp-container-core-columns-is-layout-28f84493 wp-block-columns-is-layout-flex\">\n<div class=\"wp-block-column is-vertically-aligned-center is-layout-flow wp-block-column-is-layout-flow\">\n<div class=\"wp-block-columns is-layout-flex wp-container-core-columns-is-layout-28f84493 wp-block-columns-is-layout-flex\">\n<div class=\"wp-block-column is-layout-flow wp-block-column-is-layout-flow\">\n<h2 class=\"wp-block-heading has-text-color has-link-color wp-elements-5d94564824126307ccf653986983e00f\" style=\"color:#8f96cb\">Cannula arteriosa pediatrica<\/h2>\n\n\n\n<p>Le cannule arteriose pediatriche Eurosets sono destinate a restituire sangue ossigenato al paziente attraverso l'arteria femorale o l'aorta ascendente. Ottimizzate per i pazienti pi\u00f9 piccoli, sono disponibili in una variet\u00e0 di configurazioni, resistenti alle piegature, con basso valore di pressure drop e  DEHP-Free, rappresentando la scelta ottimale per la cannulazione arteriosa nelle procedure CPB pediatriche.<\/p>\n\n\n\n<div class=\"wp-block-buttons is-layout-flex wp-block-buttons-is-layout-flex\">\n<div class=\"wp-block-button\"><a class=\"wp-block-button__link wp-element-button\" href=\"#openbrochure\">Scopri di pi\u00f9 nella brochure<\/a><\/div>\n<\/div>\n<\/div>\n<\/div>\n<\/div>\n\n\n\n<div class=\"wp-block-column is-vertically-aligned-center is-layout-flow wp-block-column-is-layout-flow\">\n<figure class=\"wp-block-image size-full\"><img fetchpriority=\"high\" decoding=\"async\" width=\"468\" height=\"300\" src=\"https:\/\/www.eurosets.com\/wp-content\/uploads\/2024\/09\/Paediatric-Arterial-Cannula.png\" alt=\"\" class=\"wp-image-6393\" srcset=\"https:\/\/www.eurosets.com\/wp-content\/uploads\/2024\/09\/Paediatric-Arterial-Cannula.png 468w, https:\/\/www.eurosets.com\/wp-content\/uploads\/2024\/09\/Paediatric-Arterial-Cannula-300x192.png 300w\" sizes=\"(max-width: 468px) 100vw, 468px\" \/><\/figure>\n<\/div>\n<\/div>\n\n\n\n<div class=\"wp-block-columns are-vertically-aligned-center is-layout-flex wp-container-core-columns-is-layout-28f84493 wp-block-columns-is-layout-flex\">\n<div class=\"wp-block-column is-vertically-aligned-center is-layout-flow wp-block-column-is-layout-flow\">\n<figure class=\"wp-block-image size-full\"><img decoding=\"async\" width=\"545\" height=\"364\" src=\"https:\/\/www.eurosets.com\/wp-content\/uploads\/2024\/09\/Femoral-Arterial-Cannulae-with-flexible-ring.png\" alt=\"\" class=\"wp-image-6395\" srcset=\"https:\/\/www.eurosets.com\/wp-content\/uploads\/2024\/09\/Femoral-Arterial-Cannulae-with-flexible-ring.png 545w, https:\/\/www.eurosets.com\/wp-content\/uploads\/2024\/09\/Femoral-Arterial-Cannulae-with-flexible-ring-300x200.png 300w\" sizes=\"(max-width: 545px) 100vw, 545px\" \/><\/figure>\n<\/div>\n\n\n\n<div class=\"wp-block-column is-vertically-aligned-center is-layout-flow wp-block-column-is-layout-flow\">\n<div class=\"wp-block-columns is-layout-flex wp-container-core-columns-is-layout-28f84493 wp-block-columns-is-layout-flex\">\n<div class=\"wp-block-column is-layout-flow wp-block-column-is-layout-flow\">\n<h2 class=\"wp-block-heading has-text-color has-link-color wp-elements-8488a33ebc64cd2b1a82d340d7df641a\" style=\"color:#8f96cb\">Cannule arteriose femorali con anello flessibile<\/h2>\n\n\n\n<div class=\"wp-block-buttons is-layout-flex wp-block-buttons-is-layout-flex\">\n<div class=\"wp-block-button\"><a class=\"wp-block-button__link wp-element-button\" href=\"#openbrochure\">Scopri di pi\u00f9 nella brochure<\/a><\/div>\n<\/div>\n<\/div>\n<\/div>\n<\/div>\n<\/div>\n\n\n\n<div class=\"wp-block-columns are-vertically-aligned-center is-layout-flex wp-container-core-columns-is-layout-28f84493 wp-block-columns-is-layout-flex\">\n<div class=\"wp-block-column is-vertically-aligned-center is-layout-flow wp-block-column-is-layout-flow\">\n<div class=\"wp-block-columns is-layout-flex wp-container-core-columns-is-layout-28f84493 wp-block-columns-is-layout-flex\">\n<div class=\"wp-block-column is-layout-flow wp-block-column-is-layout-flow\">\n<h2 class=\"wp-block-heading has-text-color has-link-color wp-elements-fb5ffae736bdb5de98c7d1939db42bb7\" style=\"color:#8f96cb\">Cannule arteriose rinforzate, punta dritta con collare di sutura<\/h2>\n\n\n\n<div class=\"wp-block-buttons is-layout-flex wp-block-buttons-is-layout-flex\">\n<div class=\"wp-block-button\"><a class=\"wp-block-button__link wp-element-button\" href=\"#openbrochure\">Scopri di pi\u00f9 nella brochure<\/a><\/div>\n<\/div>\n<\/div>\n<\/div>\n<\/div>\n\n\n\n<div class=\"wp-block-column is-vertically-aligned-center is-layout-flow wp-block-column-is-layout-flow\">\n<figure class=\"wp-block-image size-full\"><img decoding=\"async\" width=\"468\" height=\"351\" src=\"https:\/\/www.eurosets.com\/wp-content\/uploads\/2024\/09\/Arterial-Cannulae-Wire-Reinforced-straight-tip-with-Sewing-Collar.png\" alt=\"\" class=\"wp-image-6397\" srcset=\"https:\/\/www.eurosets.com\/wp-content\/uploads\/2024\/09\/Arterial-Cannulae-Wire-Reinforced-straight-tip-with-Sewing-Collar.png 468w, https:\/\/www.eurosets.com\/wp-content\/uploads\/2024\/09\/Arterial-Cannulae-Wire-Reinforced-straight-tip-with-Sewing-Collar-300x225.png 300w\" sizes=\"(max-width: 468px) 100vw, 468px\" \/><\/figure>\n<\/div>\n<\/div>\n\n\n\n<div class=\"wp-block-columns are-vertically-aligned-center is-layout-flex wp-container-core-columns-is-layout-28f84493 wp-block-columns-is-layout-flex\">\n<div class=\"wp-block-column is-vertically-aligned-center is-layout-flow wp-block-column-is-layout-flow\">\n<figure class=\"wp-block-image size-full\"><img loading=\"lazy\" decoding=\"async\" width=\"516\" height=\"344\" src=\"https:\/\/www.eurosets.com\/wp-content\/uploads\/2024\/09\/Arterial-Cannulae-Wire-Reinforced-Curved-tip-with-ring.png\" alt=\"\" class=\"wp-image-6399\" srcset=\"https:\/\/www.eurosets.com\/wp-content\/uploads\/2024\/09\/Arterial-Cannulae-Wire-Reinforced-Curved-tip-with-ring.png 516w, https:\/\/www.eurosets.com\/wp-content\/uploads\/2024\/09\/Arterial-Cannulae-Wire-Reinforced-Curved-tip-with-ring-300x200.png 300w\" sizes=\"(max-width: 516px) 100vw, 516px\" \/><\/figure>\n<\/div>\n\n\n\n<div class=\"wp-block-column is-vertically-aligned-center is-layout-flow wp-block-column-is-layout-flow\">\n<div class=\"wp-block-columns is-layout-flex wp-container-core-columns-is-layout-28f84493 wp-block-columns-is-layout-flex\">\n<div class=\"wp-block-column is-layout-flow wp-block-column-is-layout-flow\">\n<h2 class=\"wp-block-heading has-text-color has-link-color wp-elements-2edf98d8fa407dc2dde101a781ba9cd4\" style=\"color:#8f96cb\">Cannule arteriose rinforzate, punta curva con anello<\/h2>\n\n\n\n<div class=\"wp-block-buttons is-layout-flex wp-block-buttons-is-layout-flex\">\n<div class=\"wp-block-button\"><a class=\"wp-block-button__link wp-element-button\" href=\"#openbrochure\">Scopri di pi\u00f9 nella brochure<\/a><\/div>\n<\/div>\n<\/div>\n<\/div>\n<\/div>\n<\/div>\n\n\n\n<div class=\"wp-block-columns are-vertically-aligned-center is-layout-flex wp-container-core-columns-is-layout-28f84493 wp-block-columns-is-layout-flex\">\n<div class=\"wp-block-column is-vertically-aligned-center is-layout-flow wp-block-column-is-layout-flow\">\n<div class=\"wp-block-columns is-layout-flex wp-container-core-columns-is-layout-28f84493 wp-block-columns-is-layout-flex\">\n<div class=\"wp-block-column is-layout-flow wp-block-column-is-layout-flow\">\n<h2 class=\"wp-block-heading has-text-color has-link-color wp-elements-5458bec146b4fd9b93fb4b29d5bf7550\" style=\"color:#8f96cb\">Cannule femorali venose pediatriche<\/h2>\n\n\n\n<p>Le cannule venose pediatriche Eurosets sono destinate a drenare il sangue deossigenato dal corpo del paziente. Disponibili in una variet\u00e0 di configurazioni per adattarsi anche ai vasi pi\u00f9 piccoli, sono caratterizzate da bassi valori di pressure drop, tubi resistenti alle piegature e biocompatibilit\u00e0 ottimale, rappresentando la scelta ottimale per le procedure CPB pediatriche.<\/p>\n\n\n\n<div class=\"wp-block-buttons is-layout-flex wp-block-buttons-is-layout-flex\">\n<div class=\"wp-block-button\"><a class=\"wp-block-button__link wp-element-button\" href=\"#openbrochure\">Scopri di pi\u00f9 nella brochure<\/a><\/div>\n<\/div>\n<\/div>\n<\/div>\n<\/div>\n\n\n\n<div class=\"wp-block-column is-vertically-aligned-center is-layout-flow wp-block-column-is-layout-flow\">\n<figure class=\"wp-block-image size-full\"><img loading=\"lazy\" decoding=\"async\" width=\"366\" height=\"262\" src=\"https:\/\/www.eurosets.com\/wp-content\/uploads\/2024\/09\/Paediatric-Venous-Femoral-Cannulae.png\" alt=\"\" class=\"wp-image-6401\" srcset=\"https:\/\/www.eurosets.com\/wp-content\/uploads\/2024\/09\/Paediatric-Venous-Femoral-Cannulae.png 366w, https:\/\/www.eurosets.com\/wp-content\/uploads\/2024\/09\/Paediatric-Venous-Femoral-Cannulae-300x215.png 300w\" sizes=\"(max-width: 366px) 100vw, 366px\" \/><\/figure>\n<\/div>\n<\/div>\n\n\n\n<div class=\"wp-block-columns are-vertically-aligned-center is-layout-flex wp-container-core-columns-is-layout-28f84493 wp-block-columns-is-layout-flex\">\n<div class=\"wp-block-column is-vertically-aligned-center is-layout-flow wp-block-column-is-layout-flow\">\n<figure class=\"wp-block-image size-full\"><img loading=\"lazy\" decoding=\"async\" width=\"345\" height=\"314\" src=\"https:\/\/www.eurosets.com\/wp-content\/uploads\/2024\/09\/Paediatric-Venous-Cannulae-Wire-Reinforced-Straight-Tip.png\" alt=\"\" class=\"wp-image-6403\" srcset=\"https:\/\/www.eurosets.com\/wp-content\/uploads\/2024\/09\/Paediatric-Venous-Cannulae-Wire-Reinforced-Straight-Tip.png 345w, https:\/\/www.eurosets.com\/wp-content\/uploads\/2024\/09\/Paediatric-Venous-Cannulae-Wire-Reinforced-Straight-Tip-300x273.png 300w\" sizes=\"(max-width: 345px) 100vw, 345px\" \/><\/figure>\n<\/div>\n\n\n\n<div class=\"wp-block-column is-vertically-aligned-center is-layout-flow wp-block-column-is-layout-flow\">\n<div class=\"wp-block-columns is-layout-flex wp-container-core-columns-is-layout-28f84493 wp-block-columns-is-layout-flex\">\n<div class=\"wp-block-column is-layout-flow wp-block-column-is-layout-flow\">\n<h2 class=\"wp-block-heading has-text-color has-link-color wp-elements-f26284e378052078036bc081d106f216\" style=\"color:#8f96cb\">Cannule venose pediatriche rinforzate, punta dritta<\/h2>\n\n\n\n<div class=\"wp-block-buttons is-layout-flex wp-block-buttons-is-layout-flex\">\n<div class=\"wp-block-button\"><a class=\"wp-block-button__link wp-element-button\" href=\"#openbrochure\">Scopri di pi\u00f9 nella brochure<\/a><\/div>\n<\/div>\n<\/div>\n<\/div>\n<\/div>\n<\/div>\n\n\n\n<div class=\"wp-block-columns are-vertically-aligned-center is-layout-flex wp-container-core-columns-is-layout-28f84493 wp-block-columns-is-layout-flex\">\n<div class=\"wp-block-column is-vertically-aligned-center is-layout-flow wp-block-column-is-layout-flow\">\n<div class=\"wp-block-columns is-layout-flex wp-container-core-columns-is-layout-28f84493 wp-block-columns-is-layout-flex\">\n<div class=\"wp-block-column is-layout-flow wp-block-column-is-layout-flow\">\n<h2 class=\"wp-block-heading has-text-color has-link-color wp-elements-dc3635b75ec7fd5c92364d89265f24c6\" style=\"color:#8f96cb\">Cannule venose pediatriche rinforzate con filo, punta curva<\/h2>\n\n\n\n<div class=\"wp-block-buttons is-layout-flex wp-block-buttons-is-layout-flex\">\n<div class=\"wp-block-button\"><a class=\"wp-block-button__link wp-element-button\" href=\"#openbrochure\">Scopri di pi\u00f9 nella brochure<\/a><\/div>\n<\/div>\n<\/div>\n<\/div>\n<\/div>\n\n\n\n<div class=\"wp-block-column is-vertically-aligned-center is-layout-flow wp-block-column-is-layout-flow\">\n<figure class=\"wp-block-image size-full\"><img loading=\"lazy\" decoding=\"async\" width=\"330\" height=\"351\" src=\"https:\/\/www.eurosets.com\/wp-content\/uploads\/2024\/09\/Paediatric-Venous-Cannulae-Wire-Reinforced-Curved-Tip.png\" alt=\"\" class=\"wp-image-6405\" srcset=\"https:\/\/www.eurosets.com\/wp-content\/uploads\/2024\/09\/Paediatric-Venous-Cannulae-Wire-Reinforced-Curved-Tip.png 330w, https:\/\/www.eurosets.com\/wp-content\/uploads\/2024\/09\/Paediatric-Venous-Cannulae-Wire-Reinforced-Curved-Tip-282x300.png 282w\" sizes=\"(max-width: 330px) 100vw, 330px\" \/><\/figure>\n<\/div>\n<\/div>\n\n\n\n<div class=\"wp-block-columns are-vertically-aligned-center is-layout-flex wp-container-core-columns-is-layout-28f84493 wp-block-columns-is-layout-flex\">\n<div class=\"wp-block-column is-vertically-aligned-center is-layout-flow wp-block-column-is-layout-flow\">\n<figure class=\"wp-block-image size-full\"><img loading=\"lazy\" decoding=\"async\" width=\"342\" height=\"315\" src=\"https:\/\/www.eurosets.com\/wp-content\/uploads\/2024\/09\/Venous-Paediatric-Cannulae-Wire-Reinforced-Curved-Metal-Tip.png\" alt=\"\" class=\"wp-image-6407\" srcset=\"https:\/\/www.eurosets.com\/wp-content\/uploads\/2024\/09\/Venous-Paediatric-Cannulae-Wire-Reinforced-Curved-Metal-Tip.png 342w, https:\/\/www.eurosets.com\/wp-content\/uploads\/2024\/09\/Venous-Paediatric-Cannulae-Wire-Reinforced-Curved-Metal-Tip-300x276.png 300w\" sizes=\"(max-width: 342px) 100vw, 342px\" \/><\/figure>\n<\/div>\n\n\n\n<div class=\"wp-block-column is-vertically-aligned-center is-layout-flow wp-block-column-is-layout-flow\">\n<div class=\"wp-block-columns is-layout-flex wp-container-core-columns-is-layout-28f84493 wp-block-columns-is-layout-flex\">\n<div class=\"wp-block-column is-layout-flow wp-block-column-is-layout-flow\">\n<h2 class=\"wp-block-heading has-text-color has-link-color wp-elements-154a1c72c16401c5c9e75c1eeac547cb\" style=\"color:#8f96cb\">Cannule venose pediatriche rinforzate, punta curva in metallo<\/h2>\n\n\n\n<div class=\"wp-block-buttons is-layout-flex wp-block-buttons-is-layout-flex\">\n<div class=\"wp-block-button\"><a class=\"wp-block-button__link wp-element-button\" href=\"#openbrochure\">Scopri di pi\u00f9 nella brochure<\/a><\/div>\n<\/div>\n<\/div>\n<\/div>\n<\/div>\n<\/div>","protected":false},"featured_media":7062,"parent":0,"menu_order":0,"template":"","meta":{"_acf_changed":true,"slim_seo":{"title":"Pediatric Cannulae - Eurosets","description":"Paediatric Arterial Cannula Eurosets Paediatric Arterial Cannulae are intended for returning oxygenated blood to the patient through the femoral artery or the a"}},"specialization":[71],"class_list":["post-6386","product","type-product","status-publish","has-post-thumbnail","hentry","specialization-cannulae"],"acf":[],"_links":{"self":[{"href":"https:\/\/www.eurosets.com\/it\/wp-json\/wp\/v2\/product\/6386","targetHints":{"allow":["GET"]}}],"collection":[{"href":"https:\/\/www.eurosets.com\/it\/wp-json\/wp\/v2\/product"}],"about":[{"href":"https:\/\/www.eurosets.com\/it\/wp-json\/wp\/v2\/types\/product"}],"wp:featuredmedia":[{"embeddable":true,"href":"https:\/\/www.eurosets.com\/it\/wp-json\/wp\/v2\/media\/7062"}],"wp:attachment":[{"href":"https:\/\/www.eurosets.com\/it\/wp-json\/wp\/v2\/media?parent=6386"}],"wp:term":[{"taxonomy":"specialization","embeddable":true,"href":"https:\/\/www.eurosets.com\/it\/wp-json\/wp\/v2\/specialization?post=6386"}],"curies":[{"name":"wp","href":"https:\/\/api.w.org\/{rel}","templated":true}]}}