{"id":4019,"date":"2024-05-29T17:14:12","date_gmt":"2024-05-29T15:14:12","guid":{"rendered":"https:\/\/www.eurosets.com\/?post_type=product&#038;p=4019"},"modified":"2026-02-20T10:29:27","modified_gmt":"2026-02-20T09:29:27","slug":"landing-advance-cpb","status":"publish","type":"product","link":"https:\/\/www.eurosets.com\/it\/product\/landing-advance-cpb\/","title":{"rendered":"Landing Advance CPB"},"content":{"rendered":"<div class=\"wp-block-columns is-layout-flex wp-container-core-columns-is-layout-28f84493 wp-block-columns-is-layout-flex\">\n<div class=\"wp-block-column is-layout-flow wp-block-column-is-layout-flow\">\n<figure class=\"wp-block-image size-large is-resized\"><img decoding=\"async\" src=\"https:\/\/eurosets.com\/wp-content\/uploads\/2024\/05\/complete-300x265.png\" alt=\"\" style=\"width:auto;height:132px\"\/><\/figure>\n\n\n\n<h2 class=\"wp-block-heading has-text-color has-link-color wp-elements-213b65dfbb0bc59f83ffd914cfdf92bb\" style=\"color:#327299\">Completo<\/h2>\n\n\n\n<ul class=\"wp-block-list\">\n<li><strong>Un solo monitor<\/strong> dedicato alle procedure CPB ed ECMO <\/li>\n\n\n\n<li><strong>Perfusione monitorata<\/strong> per ottimizzare al meglio la circolazione extracorporea<\/li>\n\n\n\n<li><strong>Monitoraggio efficace del trattamento ECMO<\/strong> per una procedura di controllo ottimale<\/li>\n<\/ul>\n<\/div>\n\n\n\n<div class=\"wp-block-column is-layout-flow wp-block-column-is-layout-flow\">\n<figure class=\"wp-block-image size-large is-resized\"><img decoding=\"async\" src=\"https:\/\/eurosets.com\/wp-content\/uploads\/2024\/05\/intuitive-300x293.png\" alt=\"\" style=\"width:auto;height:132px\"\/><\/figure>\n\n\n\n<h2 class=\"wp-block-heading has-text-color has-link-color wp-elements-2d30cae448c9ca8c61681d67ac946277\" style=\"color:#327299\">Intuitivo<\/h2>\n\n\n\n<ul class=\"wp-block-list\">\n<li><strong>Parametri personalizzati basati <\/strong>sul profilo utente per rispondere a qualsiasi necessit\u00e0<\/li>\n\n\n\n<li><strong>Ampia interfaccia grafica<\/strong> per monitorare al meglio la procedura<\/li>\n\n\n\n<li><strong>DMS integrato<\/strong> per una gestione semplice dei dati<\/li>\n<\/ul>\n<\/div>\n\n\n\n<div class=\"wp-block-column is-layout-flow wp-block-column-is-layout-flow\">\n<figure class=\"wp-block-image size-large is-resized\"><img decoding=\"async\" src=\"https:\/\/eurosets.com\/wp-content\/uploads\/2024\/05\/versatile-300x271.png\" alt=\"\" style=\"width:auto;height:132px\"\/><\/figure>\n\n\n\n<h2 class=\"wp-block-heading has-text-color has-link-color wp-elements-9699b182572bc8076c87cbb0eb567899\" style=\"color:#327299\">Versatile<\/h2>\n\n\n\n<ul class=\"wp-block-list\">\n<li>Utilizzabile su qualsiasi <strong>qualsiasi macchina cuore-polmone<\/strong><\/li>\n\n\n\n<li>Utilizzabile su qualsiasi <strong>macchina ECMO<\/strong><\/li>\n\n\n\n<li>Utilizzabile su qualsiasi <strong>PTS sia in modalit\u00e0 CPB che ECMO<\/strong><\/li>\n<\/ul>\n<\/div>\n<\/div>\n\n\n\n<div class=\"wp-block-columns is-layout-flex wp-container-core-columns-is-layout-28f84493 wp-block-columns-is-layout-flex\">\n<div class=\"wp-block-column is-layout-flow wp-block-column-is-layout-flow\">\n<h2 class=\"wp-block-heading has-text-align-center has-text-color has-link-color wp-elements-e6ac3b15400f93b1a13465644703e40d\" style=\"color:#327299\">Scopri Landing Advance<\/h2>\n\n\n\n<figure class=\"wp-block-video\"><video controls src=\"https:\/\/www.eurosets.com\/wp-content\/uploads\/2024\/05\/eurosets_landing_720p.mp4\" playsinline><\/video><\/figure>\n<\/div>\n<\/div>\n\n\n\n<div class=\"wp-block-columns are-vertically-aligned-center is-layout-flex wp-container-core-columns-is-layout-28f84493 wp-block-columns-is-layout-flex\">\n<div class=\"wp-block-column is-vertically-aligned-center is-layout-flow wp-block-column-is-layout-flow\">\n<h2 class=\"wp-block-heading has-text-color has-link-color wp-elements-17022fec12832704e530c3af998d453a\" style=\"color:#327299\">Sistema di monitoraggio per ottimizzare il bypass cardiopolmonare<\/h2>\n\n\n\n<p>Dopo un intervento di cardiochirurgia, <strong>l\u2019insufficienza renale acuta e la sua incidenza pu\u00f2 raggiungere il 50%.<\/strong>.<\/p>\n\n\n\n<p>Il tasso di mortalit\u00e0 precoce nei pazienti con insufficienza renale acuta \u00e8 di circa il 5%, ma pu\u00f2 salire fino al 50% quando \u00e8 necessaria la terapia sostitutiva renale.<\/p>\n\n\n\n<p>Diversi fattori legati alla circolazione extracorporea (CEC) sono stati identificati come possibili determinanti dell'insufficienza renale acuta. Tra questi rientrano la durata della CEC, una bassa pressione di perfusione, un basso flusso della pompa, emodiluizione e scarsa ossigenazione.<\/p>\n\n\n\n<p>Le evidenze scientifiche dimostrano che un attento e <strong>frequente monitoraggio dei parametri del paziente riduce il rischio di complicanze post-operatorie.<\/strong>.<\/p>\n\n\n\n<div class=\"wp-block-buttons is-layout-flex wp-block-buttons-is-layout-flex\">\n<div class=\"wp-block-button\"><a class=\"wp-block-button__link wp-element-button\" href=\"#openbrochure\">Scopri di pi\u00f9 nella brochure<\/a><\/div>\n<\/div>\n<\/div>\n\n\n\n<div class=\"wp-block-column is-vertically-aligned-center is-layout-flow wp-block-column-is-layout-flow\">\n<figure class=\"wp-block-image size-full\"><img fetchpriority=\"high\" decoding=\"async\" width=\"958\" height=\"1008\" src=\"https:\/\/www.eurosets.com\/wp-content\/uploads\/2024\/05\/Patient-Tailoring-Landing-Advance-CPB-Eurosets.png\" alt=\"\" class=\"wp-image-4701\" srcset=\"https:\/\/www.eurosets.com\/wp-content\/uploads\/2024\/05\/Patient-Tailoring-Landing-Advance-CPB-Eurosets.png 958w, https:\/\/www.eurosets.com\/wp-content\/uploads\/2024\/05\/Patient-Tailoring-Landing-Advance-CPB-Eurosets-285x300.png 285w, https:\/\/www.eurosets.com\/wp-content\/uploads\/2024\/05\/Patient-Tailoring-Landing-Advance-CPB-Eurosets-768x808.png 768w\" sizes=\"(max-width: 958px) 100vw, 958px\" \/><\/figure>\n<\/div>\n<\/div>","protected":false},"featured_media":4043,"parent":0,"menu_order":0,"template":"","meta":{"_acf_changed":true,"slim_seo":{"title":"Landing Advance CPB - Eurosets","description":"Complete Intuitive Versatile Discover the Landing Advance Patient tailored perfusion during CPB After cardiac surgery, renal function impairment is common, and"}},"specialization":[9,59],"class_list":["post-4019","product","type-product","status-publish","has-post-thumbnail","hentry","specialization-cardiopulmonary","specialization-monitoring-cpb"],"acf":[],"_links":{"self":[{"href":"https:\/\/www.eurosets.com\/it\/wp-json\/wp\/v2\/product\/4019","targetHints":{"allow":["GET"]}}],"collection":[{"href":"https:\/\/www.eurosets.com\/it\/wp-json\/wp\/v2\/product"}],"about":[{"href":"https:\/\/www.eurosets.com\/it\/wp-json\/wp\/v2\/types\/product"}],"wp:featuredmedia":[{"embeddable":true,"href":"https:\/\/www.eurosets.com\/it\/wp-json\/wp\/v2\/media\/4043"}],"wp:attachment":[{"href":"https:\/\/www.eurosets.com\/it\/wp-json\/wp\/v2\/media?parent=4019"}],"wp:term":[{"taxonomy":"specialization","embeddable":true,"href":"https:\/\/www.eurosets.com\/it\/wp-json\/wp\/v2\/specialization?post=4019"}],"curies":[{"name":"wp","href":"https:\/\/api.w.org\/{rel}","templated":true}]}}