{"id":3515,"date":"2024-08-08T11:45:55","date_gmt":"2024-08-08T09:45:55","guid":{"rendered":"https:\/\/www.eurosets.com\/?post_type=product&#038;p=3515"},"modified":"2026-02-18T15:58:03","modified_gmt":"2026-02-18T14:58:03","slug":"srv-2000","status":"publish","type":"product","link":"https:\/\/www.eurosets.com\/it\/product\/srv-2000\/","title":{"rendered":"SVR 2000"},"content":{"rendered":"<div class=\"wp-block-columns is-layout-flex wp-container-core-columns-is-layout-28f84493 wp-block-columns-is-layout-flex\">\n<div class=\"wp-block-column is-layout-flow wp-block-column-is-layout-flow\">\n<figure class=\"wp-block-image size-medium is-resized\"><img fetchpriority=\"high\" decoding=\"async\" width=\"300\" height=\"187\" src=\"https:\/\/www.eurosets.com\/wp-content\/uploads\/2024\/04\/svr-2000-destra-300x187.png\" alt=\"\" class=\"wp-image-1560\" style=\"width:auto;height:150px\" srcset=\"https:\/\/www.eurosets.com\/wp-content\/uploads\/2024\/04\/svr-2000-destra-300x187.png 300w, https:\/\/www.eurosets.com\/wp-content\/uploads\/2024\/04\/svr-2000-destra-768x479.png 768w, https:\/\/www.eurosets.com\/wp-content\/uploads\/2024\/04\/svr-2000-destra.png 1004w\" sizes=\"(max-width: 300px) 100vw, 300px\" \/><\/figure>\n\n\n\n<h2 class=\"wp-block-heading\">Flessibile<\/h2>\n\n\n\n<p>Un range di volumi unico che permette di adattarsi a diversi scenari clinici e pratiche chirurgiche. SVR2000 pu\u00f2 gestire un volume minimo operativo di 250 mL (@5lpm), fino a 2000 mL.<\/p>\n<\/div>\n\n\n\n<div class=\"wp-block-column is-layout-flow wp-block-column-is-layout-flow\">\n<figure class=\"wp-block-image size-medium is-resized\"><img decoding=\"async\" width=\"300\" height=\"285\" src=\"https:\/\/www.eurosets.com\/wp-content\/uploads\/2024\/04\/SVR2000-SAFE-DESTRA-300x285.jpg\" alt=\"\" class=\"wp-image-1568\" style=\"width:auto;height:150px\" srcset=\"https:\/\/www.eurosets.com\/wp-content\/uploads\/2024\/04\/SVR2000-SAFE-DESTRA-300x285.jpg 300w, https:\/\/www.eurosets.com\/wp-content\/uploads\/2024\/04\/SVR2000-SAFE-DESTRA-1024x974.jpg 1024w, https:\/\/www.eurosets.com\/wp-content\/uploads\/2024\/04\/SVR2000-SAFE-DESTRA-768x731.jpg 768w, https:\/\/www.eurosets.com\/wp-content\/uploads\/2024\/04\/SVR2000-SAFE-DESTRA.jpg 1048w\" sizes=\"(max-width: 300px) 100vw, 300px\" \/><\/figure>\n\n\n\n<h2 class=\"wp-block-heading\">Sicuro<\/h2>\n\n\n\n<p>SVR2000 assicura un'eccezionale riduzione  (&gt;99,9%) dei gas micro-emboli (GME). I GME sono una potenziale causa di danno neurologico post-operatorio e la loro diminuzione \u00e8 resa possibile grazie a una rete filtrante di 80 \u00b5m e ottimizzazione della fluidodinamica.<\/p>\n<\/div>\n\n\n\n<div class=\"wp-block-column is-layout-flow wp-block-column-is-layout-flow\">\n<figure class=\"wp-block-image size-medium is-resized\"><img decoding=\"async\" width=\"300\" height=\"200\" src=\"https:\/\/www.eurosets.com\/wp-content\/uploads\/2024\/04\/svr-2000-simple-immagine-a-destra-300x200.jpg\" alt=\"\" class=\"wp-image-1420\" style=\"width:auto;height:150px\" srcset=\"https:\/\/www.eurosets.com\/wp-content\/uploads\/2024\/04\/svr-2000-simple-immagine-a-destra-300x200.jpg 300w, https:\/\/www.eurosets.com\/wp-content\/uploads\/2024\/04\/svr-2000-simple-immagine-a-destra-1024x683.jpg 1024w, https:\/\/www.eurosets.com\/wp-content\/uploads\/2024\/04\/svr-2000-simple-immagine-a-destra-768x512.jpg 768w, https:\/\/www.eurosets.com\/wp-content\/uploads\/2024\/04\/svr-2000-simple-immagine-a-destra.jpg 1500w\" sizes=\"(max-width: 300px) 100vw, 300px\" \/><\/figure>\n\n\n\n<h2 class=\"wp-block-heading\">Semplice<\/h2>\n\n\n\n<p>L'unit\u00e0 preassemblata \u00e8 pronta per l'utilizzo, includendo la sacca venosa, il supporto e l'ossigenatore.  \u00c8 necessario un solo supporto per l'intero sistema, risparmiando spazio attorno alla macchina cuore-polmone e tempo durante la configurazione.<\/p>\n<\/div>\n<\/div>","protected":false},"featured_media":3619,"parent":0,"menu_order":0,"template":"","meta":{"_acf_changed":true,"slim_seo":{"title":"SVR 2000 - Eurosets","description":"Flexible A unique volume range makes it possible to adapt to volume changes during surgical procedures and even to different clinical practices. The minimum ope"}},"specialization":[9,58],"class_list":["post-3515","product","type-product","status-publish","has-post-thumbnail","hentry","specialization-cardiopulmonary","specialization-oxygenators"],"acf":[],"_links":{"self":[{"href":"https:\/\/www.eurosets.com\/it\/wp-json\/wp\/v2\/product\/3515","targetHints":{"allow":["GET"]}}],"collection":[{"href":"https:\/\/www.eurosets.com\/it\/wp-json\/wp\/v2\/product"}],"about":[{"href":"https:\/\/www.eurosets.com\/it\/wp-json\/wp\/v2\/types\/product"}],"wp:featuredmedia":[{"embeddable":true,"href":"https:\/\/www.eurosets.com\/it\/wp-json\/wp\/v2\/media\/3619"}],"wp:attachment":[{"href":"https:\/\/www.eurosets.com\/it\/wp-json\/wp\/v2\/media?parent=3515"}],"wp:term":[{"taxonomy":"specialization","embeddable":true,"href":"https:\/\/www.eurosets.com\/it\/wp-json\/wp\/v2\/specialization?post=3515"}],"curies":[{"name":"wp","href":"https:\/\/api.w.org\/{rel}","templated":true}]}}